{"id":163,"date":"2018-10-25T10:17:12","date_gmt":"2018-10-25T08:17:12","guid":{"rendered":"http:\/\/obseques-paysbasque.com\/?page_id=163"},"modified":"2023-07-10T14:26:06","modified_gmt":"2023-07-10T12:26:06","slug":"baigorri","status":"publish","type":"page","link":"https:\/\/obseques-paysbasque.com\/eus\/baigorri\/","title":{"rendered":"Baigorri"},"content":{"rendered":"<div  data-mk-stretch-content=\"true\" class=\"wpb_row vc_row vc_row-fluid  mk-fullwidth-false  attched-false     js-master-row  mk-grid\">\n\t\t\t\t\n<div class=\"vc_col-sm-12 wpb_column column_container   _ height-full\">\n\t\n<div id=\"padding-2\" class=\"mk-padding-divider   clearfix\"><\/div>\n\n\t<div class=\"vc_custom_1688113278918\">\n\n<div id=\"text-block-3\" class=\"mk-text-block\">\n\n\t\n\t<p align=\"justify\" class=\" translation-block\">Baigorriko eskualdeari lekuko aterabide bat ekarri nahian, <strong>Patrick Ocafrainek<\/strong>, sortzez\nBankarra, pilotari ezaguna eta, Iholdiko ehorzketa etxearen jabe den <strong>Maite Etchartek<\/strong>, 2013\nurte hastapenean ehorzketa etxe baten eraikitzea Baigorrin erabakitzen dute.<\/p>\n<p align=\"justify\">Formakuntza berezi bat jarraiturik eta prefeturaren gandik baimena lorturik, Maite eta Patrick lurralde huntako dosier guzien tratazeko gai dira, ehorzketa osoak antolatuz, familien ahalak eta nahibeteak errespetatuz.<\/p>\n\n\t<div class=\"clearboth\"><\/div>\n<\/div>\n\n\t<\/div>\n\n<div id=\"padding-4\" class=\"mk-padding-divider   clearfix\"><\/div>\n\n\t<div class=\"vc_custom_1688113405206\">\n\n<div id=\"text-block-5\" class=\"mk-text-block\">\n\n\t\n\t<h4 style=\"color: #9bbe2e;\">\u00ab Patrick joan zauku, bere BIZI Berriaren bidean, bere ibiltzeko makila eskainiz eta elgarrekin kurritu nahi genuen bide hortan, bakarrik segi dezadan konfiantxa eginez, zerumuga berri bati buruz joan da... \u00ab Bere zuhurtziaz jabeturik lagunduko nau ! \u00bb<\/h4>\n<h4 style=\"color: #9bbe2e;\"><em>\u00ab Gure lemak \u00ab Bai Geroari \u00bb zeru ederrenetara eta gailur gorenetara eraman zaitzatela. Bidaia on Patrick ! \u00bb<br \/>\n<\/em><\/h4>\n<h4><span style=\"color: #9bbe2e;\"><em>\u00a0Maite.<\/em><\/span><\/h4>\n\n\t<div class=\"clearboth\"><\/div>\n<\/div>\n\n\t<\/div>\n\n<div id=\"padding-6\" class=\"mk-padding-divider   clearfix\"><\/div>\n\n\t<div class=\"vc_custom_1688113273088\">\n\n<div id=\"text-block-7\" class=\"mk-text-block\">\n\n\t\n\t<p align=\"justify\">Nire familia-enpresa lurralde nazionaleko beste hileta-enpresetatik bereizten da bere erabilgarritasun osoagatik eta batez ere txikitasunagatik! Honek harreman esklusibo, pribilegiatu eta BAKARRA izaten laguntzen du doluan dauden familia bakoitzarekin nire zerbitzuak erabiliz.<\/p>\n\n\t<div class=\"clearboth\"><\/div>\n<\/div>\n\n\t<\/div>\n\n<div id=\"padding-8\" class=\"mk-padding-divider   clearfix\"><\/div>\n\n\t<div class=\"vc_custom_1684765969162\">\n\n<div id=\"text-block-9\" class=\"mk-text-block\">\n\n\t\n\t<h4 style=\"color: #9bbe2e;\">\"Patrick-en makilak bide malkartsu eta traidoretik bakarrik mugitzen jarraitzeko aukera ematen dit...<\/h4>\n<h4 style=\"color: #9bbe2e;\">Horrela jarraitzen du abenturak\u2026\u2026\u201d<\/h4>\n<h4><span style=\"color: #9bbe2e;\"><em>\u00a0Maite.<\/em><\/span><\/h4>\n\n\t<div class=\"clearboth\"><\/div>\n<\/div>\n\n\t<\/div>\n\n\n<div class=\"wpb_row vc_inner vc_row vc_row-fluid    attched-false   vc_custom_1540543532574\">\n\t\t\n\t\t<div class=\"wpb_column vc_column_container vc_col-sm-3\"><div class=\"vc_column-inner\"><div class=\"wpb_wrapper\">\n<div id=\"box-icon-10\" class=\"mk-box-icon   simple_ultimate-style  mk-animate-element bottom-to-top   clearfix\">\n\n    <div class=\"top-side rounded-circle\">\n\n    <i class=\"mk-main-ico small\"><svg  class=\"mk-svg-icon\" data-name=\"mk-icon-car\" data-cacheid=\"icon-69e0bcda9e528\" xmlns=\"http:\/\/www.w3.org\/2000\/svg\" viewbox=\"0 0 2048 1792\"><path d=\"M480 1088q0-66-47-113t-113-47-113 47-47 113 47 113 113 47 113-47 47-113zm36-320h1016l-89-357q-2-8-14-17.5t-21-9.5h-768q-9 0-21 9.5t-14 17.5zm1372 320q0-66-47-113t-113-47-113 47-47 113 47 113 113 47 113-47 47-113zm160-96v384q0 14-9 23t-23 9h-96v128q0 80-56 136t-136 56-136-56-56-136v-128h-1024v128q0 80-56 136t-136 56-136-56-56-136v-128h-96q-14 0-23-9t-9-23v-384q0-93 65.5-158.5t158.5-65.5h28l105-419q23-94 104-157.5t179-63.5h768q98 0 179 63.5t104 157.5l105 419h28q93 0 158.5 65.5t65.5 158.5z\"\/><\/svg><\/i>\n\n    <div class=\"box-detail-wrapper small-size\">\n        <h4 class=\"icon-box-title\">\n     <\/h4>\n\n\n<p>Gorputzaren karreatzea lurralde guzian bai eta lurraldetik kanpo, kutxan ezarri aintzin edo ondoan<\/p>\n    <\/div>\n\n<div class=\"clearboth\"><\/div>\n<\/div>\n\n\n\n\n\n\n    <div class=\"clearboth\"><\/div>\n<\/div>\n\n\n\n\n<\/div><\/div><\/div><div class=\"wpb_column vc_column_container vc_col-sm-3\"><div class=\"vc_column-inner\"><div class=\"wpb_wrapper\">\n<div id=\"box-icon-11\" class=\"mk-box-icon   simple_ultimate-style  mk-animate-element bottom-to-top   clearfix\">\n\n    <div class=\"top-side rounded-circle\">\n\n    <i class=\"mk-main-ico small\"><svg  class=\"mk-svg-icon\" data-name=\"mk-icon-users\" data-cacheid=\"icon-69e0bcda9ea08\" xmlns=\"http:\/\/www.w3.org\/2000\/svg\" viewbox=\"0 0 1920 1792\"><path d=\"M593 896q-162 5-265 128h-134q-82 0-138-40.5t-56-118.5q0-353 124-353 6 0 43.5 21t97.5 42.5 119 21.5q67 0 133-23-5 37-5 66 0 139 81 256zm1071 637q0 120-73 189.5t-194 69.5h-874q-121 0-194-69.5t-73-189.5q0-53 3.5-103.5t14-109 26.5-108.5 43-97.5 62-81 85.5-53.5 111.5-20q10 0 43 21.5t73 48 107 48 135 21.5 135-21.5 107-48 73-48 43-21.5q61 0 111.5 20t85.5 53.5 62 81 43 97.5 26.5 108.5 14 109 3.5 103.5zm-1024-1277q0 106-75 181t-181 75-181-75-75-181 75-181 181-75 181 75 75 181zm704 384q0 159-112.5 271.5t-271.5 112.5-271.5-112.5-112.5-271.5 112.5-271.5 271.5-112.5 271.5 112.5 112.5 271.5zm576 225q0 78-56 118.5t-138 40.5h-134q-103-123-265-128 81-117 81-256 0-29-5-66 66 23 133 23 59 0 119-21.5t97.5-42.5 43.5-21q124 0 124 353zm-128-609q0 106-75 181t-181 75-181-75-75-181 75-181 181-75 181 75 75 181z\"\/><\/svg><\/i>\n\n    <div class=\"box-detail-wrapper small-size\">\n        <h4 class=\"icon-box-title\">\n     <\/h4>\n\n\n<p>Familien laguntzea,  dolu denbora guzian hor izaitea<\/p>\n    <\/div>\n\n<div class=\"clearboth\"><\/div>\n<\/div>\n\n\n\n\n\n\n    <div class=\"clearboth\"><\/div>\n<\/div>\n\n\n\n\n<\/div><\/div><\/div><div class=\"wpb_column vc_column_container vc_col-sm-3\"><div class=\"vc_column-inner\"><div class=\"wpb_wrapper\">\n<div id=\"box-icon-12\" class=\"mk-box-icon   simple_ultimate-style  mk-animate-element bottom-to-top   clearfix\">\n\n    <div class=\"top-side rounded-circle\">\n\n    <i class=\"mk-main-ico small\"><svg  class=\"mk-svg-icon\" data-name=\"mk-moon-settings\" data-cacheid=\"icon-69e0bcda9eec8\" xmlns=\"http:\/\/www.w3.org\/2000\/svg\" viewbox=\"0 0 512 512\"><path d=\"M224 64v-8c0-13.2-10.8-24-24-24h-80c-13.2 0-24 10.8-24 24v8h-96v64h96v8c0 13.2 10.8 24 24 24h80c13.2 0 24-10.8 24-24v-8h288v-64h-288zm-96 64v-64h64v64h-64zm288 88c0-13.2-10.8-24-24-24h-80c-13.2 0-24 10.8-24 24v8h-288v64h288v8c0 13.2 10.8 24 24 24h80c13.2 0 24-10.8 24-24v-8h96v-64h-96v-8zm-96 72v-64h64v64h-64zm-96 88c0-13.2-10.8-24-24-24h-80c-13.2 0-24 10.8-24 24v8h-96v64h96v8c0 13.2 10.8 24 24 24h80c13.2 0 24-10.8 24-24v-8h288v-64h-288v-8zm-96 72v-64h64v64h-64z\"\/><\/svg><\/i>\n\n    <div class=\"box-detail-wrapper small-size\">\n        <h4 class=\"icon-box-title\">\n     <\/h4>\n\n\n<p>Aurrekondu pertsonalizatuak urririk<\/p>\n    <\/div>\n\n<div class=\"clearboth\"><\/div>\n<\/div>\n\n\n\n\n\n\n    <div class=\"clearboth\"><\/div>\n<\/div>\n\n\n\n\n<\/div><\/div><\/div><div class=\"wpb_column vc_column_container vc_col-sm-3\"><div class=\"vc_column-inner\"><div class=\"wpb_wrapper\">\n<div id=\"box-icon-13\" class=\"mk-box-icon   simple_ultimate-style  mk-animate-element bottom-to-top   clearfix\">\n\n    <div class=\"top-side rounded-circle\">\n\n    <i class=\"mk-main-ico small\"><svg  class=\"mk-svg-icon\" data-name=\"mk-li-notepad\" data-cacheid=\"icon-69e0bcda9f2b6\" xmlns=\"http:\/\/www.w3.org\/2000\/svg\" viewbox=\"0 0 416 512\"><path d=\"M129.493 169.654c0 4.337 3.509 7.848 7.848 7.848h141.257c4.337 0 7.848-3.51 7.848-7.848 0-4.322-3.51-7.848-7.848-7.848h-141.257c-4.338 0-7.848 3.525-7.848 7.848zm149.105 39.238h-141.257c-4.338 0-7.848 3.525-7.848 7.848 0 4.337 3.509 7.848 7.848 7.848h141.257c4.337 0 7.848-3.51 7.848-7.848-.001-4.323-3.511-7.848-7.848-7.848zm0 47.085h-141.257c-4.338 0-7.848 3.525-7.848 7.848 0 4.337 3.509 7.848 7.848 7.848h141.257c4.337 0 7.848-3.51 7.848-7.848-.001-4.323-3.511-7.848-7.848-7.848zm-70.629 47.086h-70.628c-4.338 0-7.848 3.525-7.848 7.848 0 4.337 3.509 7.848 7.848 7.848h70.628c4.337 0 7.848-3.51 7.848-7.848 0-4.323-3.51-7.848-7.848-7.848zm-.245-235.336c8.668 0 15.695-7.02 15.695-15.695 0-8.66-7.028-15.695-15.695-15.695s-15.695 7.035-15.695 15.695c0 8.675 7.027 15.695 15.695 15.695zm157.228-31.529h-106.809l-3.311-5.027h-.068c-9.664-15.711-26.969-26.225-46.764-26.225-19.796 0-37.1 10.514-46.764 26.225h-.077l-3.311 5.027h-106.8c-26.003 0-47.086 21.076-47.086 47.086v376.685c0 25.995 21.083 47.086 47.086 47.086h313.904c26.002 0 47.086-21.09 47.086-47.086v-376.685c0-26.01-21.084-47.086-47.086-47.086zm-194.941 10.668l4.591-7.465c7.227-11.741 19.711-18.76 33.399-18.76 13.687 0 26.171 7.02 33.398 18.76l4.66 7.465h.322l34.456 52.251h-145.719l34.486-52.251h.407zm139.977 67.946l-10.346-15.68h18.194c8.652 0 15.695 7.035 15.695 15.695v298.209c0 8.645-7.043 15.695-15.695 15.695h-219.787c-8.652 0-15.695-7.05-15.695-15.695v-298.209c0-8.66 7.043-15.695 15.695-15.695h18.263l-10.361 15.68h204.037zm70.659 345.157c0 8.645-7.043 15.695-15.695 15.695h-313.904c-8.653 0-15.695-7.05-15.695-15.695v-376.685c0-8.66 7.042-15.695 15.695-15.695h86.078l-10.461 15.848h-28.616c-17.335 0-31.39 14.04-31.39 31.39v298.209c0 17.335 14.055 31.39 31.39 31.39h219.787c17.335 0 31.39-14.055 31.39-31.39v-298.209c0-17.35-14.056-31.39-31.39-31.39h-28.54l-10.453-15.848h86.109c8.652 0 15.695 7.035 15.695 15.695v376.685z\"\/><\/svg><\/i>\n\n    <div class=\"box-detail-wrapper small-size\">\n        <h4 class=\"icon-box-title\">\n     <\/h4>\n\n\n<p>Urrats administratiboen egitea, betebehar horietatik familien libratzeko<\/p>\n    <\/div>\n\n<div class=\"clearboth\"><\/div>\n<\/div>\n\n\n\n\n\n\n    <div class=\"clearboth\"><\/div>\n<\/div>\n\n\n\n\n<\/div><\/div><\/div>\t\t\n<\/div>\n\n\n<div class=\"wpb_row vc_inner vc_row vc_row-fluid    attched-false   vc_custom_1540543532574\">\n\t\t\n\t\t<div class=\"wpb_column vc_column_container vc_col-sm-3\"><div class=\"vc_column-inner\"><div class=\"wpb_wrapper\">\n<div id=\"box-icon-14\" class=\"mk-box-icon   simple_ultimate-style  mk-animate-element bottom-to-top   clearfix\">\n\n    <div class=\"top-side rounded-circle\">\n\n    <i class=\"mk-main-ico small\"><svg  class=\"mk-svg-icon\" data-name=\"mk-li-leaf\" data-cacheid=\"icon-69e0bcda9f8d9\" xmlns=\"http:\/\/www.w3.org\/2000\/svg\" viewbox=\"0 0 512 512\"><path d=\"M502.525 9.482c-3.426-3.433-8.216-5.073-13.059-4.475-11.833 1.487-291.334 37.69-411.8 145.748-3.188 2.805-6.323 5.686-9.388 8.752-74.613 74.612-78.116 193.767-10.622 272.642l-48.181 48.174c-6.131 6.131-6.131 16.062 0 22.194 3.066 3.065 7.082 4.598 11.097 4.598s8.031-1.533 11.097-4.598l48.173-48.174c36.356 31.176 82.124 48.235 130.535 48.235h.016c53.668 0 104.134-20.907 142.1-58.857 3.057-3.065 5.963-6.207 8.668-9.288 108.134-120.566 144.353-400.059 145.84-411.908.605-4.797-1.05-9.625-4.476-13.043zm-164.838 404.106c-2.376 2.697-4.821 5.364-7.396 7.939-32.027 32.018-74.606 49.66-119.898 49.66h-.008c-40.028 0-77.902-13.825-108.273-39.116l58.305-58.305h158.333c8.668 0 15.695-7.035 15.695-15.695 0-8.675-7.028-15.695-15.695-15.695h-126.941l86.324-86.324 95.551-.015c8.668 0 15.695-7.02 15.695-15.695 0-8.66-7.028-15.695-15.695-15.695l-64.16.015 98.785-98.785c6.131-6.131 6.131-16.062 0-22.194-6.131-6.131-16.063-6.131-22.194 0l-98.754 98.754v-64.099c0-8.66-7.028-15.695-15.695-15.695-8.668 0-15.695 7.035-15.695 15.695v95.49l-86.293 86.293v-126.849c0-8.66-7.027-15.695-15.695-15.695s-15.695 7.035-15.695 15.695v158.24l-58.351 58.351c-55.293-66.566-51.822-165.795 10.522-228.147 2.59-2.59 5.265-5.043 8.062-7.511 95.227-85.404 307.495-124.55 374.322-135.049-10.506 66.827-49.66 279.111-135.156 374.432z\"\/><\/svg><\/i>\n\n    <div class=\"box-detail-wrapper small-size\">\n        <h4 class=\"icon-box-title\">\n     <\/h4>\n\n\n<p>Ehortz ornidura eta lore apailuen saltzea<\/p>\n    <\/div>\n\n<div class=\"clearboth\"><\/div>\n<\/div>\n\n\n\n\n\n\n    <div class=\"clearboth\"><\/div>\n<\/div>\n\n\n\n\n<\/div><\/div><\/div><div class=\"wpb_column vc_column_container vc_col-sm-3\"><div class=\"vc_column-inner\"><div class=\"wpb_wrapper\">\n<div id=\"box-icon-15\" class=\"mk-box-icon   simple_ultimate-style  mk-animate-element bottom-to-top   clearfix\">\n\n    <div class=\"top-side rounded-circle\">\n\n    <i class=\"mk-main-ico small\"><svg  class=\"mk-svg-icon\" data-name=\"mk-moon-file-9\" data-cacheid=\"icon-69e0bcda9fdc6\" xmlns=\"http:\/\/www.w3.org\/2000\/svg\" viewbox=\"0 0 512 512\"><path d=\"M352 0h-320v512h448v-384l-128-128zm96 480h-384v-448h288v96h96v352zm-320-96h256v32h-256zm0-64h256v32h-256zm0-64h256v32h-256z\"\/><\/svg><\/i>\n\n    <div class=\"box-detail-wrapper small-size\">\n        <h4 class=\"icon-box-title\">\n     <\/h4>\n\n\n<p>Ehortz kontratuak<\/p>\n    <\/div>\n\n<div class=\"clearboth\"><\/div>\n<\/div>\n\n\n\n\n\n\n    <div class=\"clearboth\"><\/div>\n<\/div>\n\n\n\n\n<\/div><\/div><\/div><div class=\"wpb_column vc_column_container vc_col-sm-3\"><div class=\"vc_column-inner\"><div class=\"wpb_wrapper\">\n<div id=\"box-icon-16\" class=\"mk-box-icon   simple_ultimate-style  mk-animate-element bottom-to-top   clearfix\">\n\n    <div class=\"top-side rounded-circle\">\n\n    <i class=\"mk-main-ico small\"><svg  class=\"mk-svg-icon\" data-name=\"mk-li-image\" data-cacheid=\"icon-69e0bcdaa019c\" xmlns=\"http:\/\/www.w3.org\/2000\/svg\" viewbox=\"0 0 512 512\"><path d=\"M460.038 4.877h-408.076c-25.995 0-47.086 21.083-47.086 47.086v408.075c0 26.002 21.09 47.086 47.086 47.086h408.075c26.01 0 47.086-21.083 47.086-47.086v-408.076c0-26.003-21.075-47.085-47.085-47.085zm-408.076 31.39h408.075c8.66 0 15.695 7.042 15.695 15.695v321.744h-52.696l-55.606-116.112c-2.33-4.874-7.005-8.208-12.385-8.821-5.318-.583-10.667 1.594-14.039 5.817l-35.866 44.993-84.883-138.192c-2.989-4.858-8.476-7.664-14.117-7.457-5.717.268-10.836 3.633-13.35 8.775l-103.384 210.997h-53.139v-321.744c0-8.652 7.05-15.695 15.695-15.695zm72.437 337.378l84.04-171.528 81.665 132.956c2.667 4.361 7.311 7.135 12.415 7.45 5.196.314 10.039-1.894 13.227-5.879l34.196-42.901 38.272 79.902h-263.815zm335.639 102.088h-408.076c-8.645 0-15.695-7.043-15.695-15.695v-54.941h439.466v54.941c0 8.652-7.036 15.695-15.695 15.695zm-94.141-266.819c34.67 0 62.781-28.111 62.781-62.781 0-34.671-28.111-62.781-62.781-62.781-34.671 0-62.781 28.11-62.781 62.781s28.11 62.781 62.781 62.781zm0-94.171c17.304 0 31.39 14.078 31.39 31.39s-14.086 31.39-31.39 31.39c-17.32 0-31.39-14.079-31.39-31.39 0-17.312 14.07-31.39 31.39-31.39z\"\/><\/svg><\/i>\n\n    <div class=\"box-detail-wrapper small-size\">\n        <h4 class=\"icon-box-title\">\n     <\/h4>\n\n\n<p>Ornidura pertsonalizatuen asmakuntza zuen argazkien bidez (zenduaren edo kanpoaren argazki...)<\/p>\n    <\/div>\n\n<div class=\"clearboth\"><\/div>\n<\/div>\n\n\n\n\n\n\n    <div class=\"clearboth\"><\/div>\n<\/div>\n\n\n\n\n<\/div><\/div><\/div><div class=\"wpb_column vc_column_container vc_col-sm-3\"><div class=\"vc_column-inner\"><div class=\"wpb_wrapper\">\n<div id=\"box-icon-17\" class=\"mk-box-icon   simple_ultimate-style  mk-animate-element bottom-to-top   clearfix\">\n\n    <div class=\"top-side rounded-circle\">\n\n    <i class=\"mk-main-ico small\"><svg  class=\"mk-svg-icon\" data-name=\"mk-moon-screen-3\" data-cacheid=\"icon-69e0bcdaa05f0\" xmlns=\"http:\/\/www.w3.org\/2000\/svg\" viewbox=\"0 0 512 512\"><path d=\"M48 236h285l-14-8h-271zm0-16h257l-14-8h-243zm0-16h229l-14-8h-215zm0-16h201l-14-8h-187zm0 64h313l-14-8h-299zm0 16h341l-14-8h-327zm0 16h369l-14-8h-355zm0-192h33l-14-8h-19zm0 200v8h397l-14-8zm0-184h61l-14-8h-47zm0 16h89l-14-8h-75zm0 32h145l-14-8h-131zm0-16h117l-14-8h-103zm0 32h173l-14-8h-159zm-48-140v320h512v-320h-512zm480 288h-448v-256h448v256zm-144 64h-160l-16 64-32 32h256l-32-32z\"\/><\/svg><\/i>\n\n    <div class=\"box-detail-wrapper small-size\">\n        <h4 class=\"icon-box-title\">\n     <\/h4>\n\n\n<p>Aurkezpen pertsonalizatua, saloinean, telebixtarekin (argazki, diaporama edo bideo...)<\/p>\n    <\/div>\n\n<div class=\"clearboth\"><\/div>\n<\/div>\n\n\n\n\n\n\n    <div class=\"clearboth\"><\/div>\n<\/div>\n\n\n\n\n<\/div><\/div><\/div>\t\t\n<\/div>\n<\/div>\n\t<\/div>\n\n<div class=\"mk-page-section-wrapper\" data-mk-full-width=\"true\" data-mk-full-width-init=\"true\" data-mk-stretch-content=\"true\">\n\t<div id=\"page-section-18\" class=\"mk-page-section self-hosted   full_layout full-width-18 js-el js-master-row     center-y\"    data-intro-effect=\"false\">\n\n\t\t\t\n\t\t\t<div class=\"mk-page-section-inner\">\n\t\t\t\t\n\n\n<div class=\"mk-video-color-mask\"><\/div>\n\n\t\t\t\t\n\t\t\t\t\n\t\t\t<div class=\"mk-section-preloader js-el\" data-mk-component=\"Preloader\">\n\t\t\t<div class=\"mk-section-preloader__icon\"><\/div>\n\t\t<\/div>\n\t\t\n\n\t<div class=\"background-layer-holder\">\n\t\t<div id=\"background-layer--18\" data-mk-lazyload=\"false\" class=\"background-layer mk-background-stretch none-blend-effect js-el\" data-mk-component=\"Parallax\" data-parallax-config='{\"speed\" : 0.3 }'  data-mk-img-set='{\"landscape\":{\"desktop\":\"https:\/\/obseques-paysbasque.com\/wp-content\/uploads\/2018\/10\/gros-plans-fleurs-sur-arbre-sombre.jpg\",\"tablet\":\"https:\/\/obseques-paysbasque.com\/wp-content\/uploads\/2018\/10\/gros-plans-fleurs-sur-arbre-sombre-1024x768.jpg\",\"mobile\":\"https:\/\/obseques-paysbasque.com\/wp-content\/uploads\/2018\/10\/gros-plans-fleurs-sur-arbre-sombre-736x414.jpg\"},\"responsive\":\"true\"}' >\n\t\t\t\t\t\t\t\t\t<div class=\"mk-color-layer\"><\/div>\n\t\t<\/div>\n\t<\/div>\n\n\t\t\t<\/div>\n\n\t\t\t\n        <div class=\"page-section-content vc_row-fluid mk-grid\" >\n            <div class=\"mk-padding-wrapper wpb_row\">\n<div class=\"vc_col-sm-12 wpb_column column_container   _ height-full\">\n\t\n<h2 id=\"fancy-title-20\" class=\"mk-fancy-title  simple-style   color-single\">\n\t<span>\n\t\t\t\t<h2 style=\"text-align: center;\"><strong><em>Abegi, Akonpainamendua, Entzumena, Laguntza: hau da nire BOKAZIOA!<\/em><\/strong><\/h2>\n\t\t\t<\/span>\n<\/h2>\n<div class=\"clearboth\"><\/div>\n\n\n\n\n<h3 id=\"fancy-title-21\" class=\"mk-fancy-title  simple-style   color-single\">\n\t<span>\n\t\t\t\t<h3 style=\"text-align: center; color: #fff !important;\">Etxean edo Hil beila lekuan<\/h3>\n<h3 style=\"text-align: center; color: #fff !important;\">Zure zerbitzura<\/h3>\n<h3 style=\"text-align: center; color: #fff !important;\">Hitzordua zuen gustura finkatzeko Maite deitu 05.59.37.40.00 zenbakira<\/h3>\n\t\t\t<\/span>\n<\/h3>\n<div class=\"clearboth\"><\/div>\n\n\n\n<\/div>\n<\/div>\n            <div class=\"clearboth\"><\/div>\n        <\/div>\n\n\n\t\t\t\n\t\t\t\n\t\t\t\n\t\t<div class=\"clearboth\"><\/div>\n\t<\/div>\n<\/div>\n<div class=\"vc_row-full-width vc_clearfix\"><\/div>\n\n\n<div  data-mk-stretch-content=\"true\" class=\"wpb_row vc_row vc_row-fluid  mk-fullwidth-false  attched-false    vc_custom_1540467623153  js-master-row  mk-grid\">\n\t\t\t\t\n<div class=\"vc_col-sm-12 wpb_column column_container   _ height-full\">\n\t\n<div id=\"padding-23\" class=\"mk-padding-divider   clearfix\"><\/div>\n\n\n\n<div class=\"wpb_row vc_inner vc_row vc_row-fluid    attched-false\">\n\t\t\n\t\t<div class=\"wpb_column vc_column_container vc_col-sm-4\"><div class=\"vc_column-inner\"><div class=\"wpb_wrapper\"><\/div><\/div><\/div><div class=\"wpb_column vc_column_container vc_col-sm-4\"><div class=\"vc_column-inner\"><div class=\"wpb_wrapper\">\n<div id=\"padding-24\" class=\"mk-padding-divider   clearfix\"><\/div>\n\n\t<div class=\"vc_custom_1563267167088\">\n\n<div id=\"text-block-25\" class=\"mk-text-block\">\n\n\t\n\t<h2 style=\"text-align: center;\" align=\"justify\" class=\" translation-block\">-<\/h2>\n<h3 style=\"text-align: center;\"><a class=\"lienhrouge\" href=\"https:\/\/obseques-paysbasque.com\/eus\/baigorri\/gamme-design\/\">Esklusibotasunezko diseinu asurtimendu \u2192<\/a><\/h3>\n\n\t<div class=\"clearboth\"><\/div>\n<\/div>\n\n\t<\/div>\n<\/div><\/div><\/div><div class=\"wpb_column vc_column_container vc_col-sm-4\"><div class=\"vc_column-inner\"><div class=\"wpb_wrapper\">\n\t<div  class=\"wpb_single_image wpb_content_element vc_align_center  wpb_animate_when_almost_visible wpb_fadeInUp fadeInUp\">\n\t\t\n\t\t<figure class=\"wpb_wrapper vc_figure\">\n\t\t\t<div class=\"vc_single_image-wrapper   vc_box_border_grey\"><img class=\"vc_single_image-img\" src=\"https:\/\/obseques-paysbasque.com\/wp-content\/uploads\/2022\/02\/fune-baigori_285x190.jpg\" width=\"285\" height=\"190\" alt=\"fune baigorri\" title=\"fune-baigori_285x190\" \/><\/div>\n\t\t<\/figure>\n\t<\/div>\n<\/div><\/div><\/div>\t\t\n<\/div>\n\n\n<div class=\"wpb_row vc_inner vc_row vc_row-fluid    attched-false\">\n\t\t\n\t\t<div class=\"wpb_column vc_column_container vc_col-sm-4\"><div class=\"vc_column-inner\"><div class=\"wpb_wrapper\"><\/div><\/div><\/div><div class=\"wpb_column vc_column_container vc_col-sm-4\"><div class=\"vc_column-inner\"><div class=\"wpb_wrapper\"><\/div><\/div><\/div><div class=\"wpb_column vc_column_container vc_col-sm-4\"><div class=\"vc_column-inner\"><div class=\"wpb_wrapper\">\t<div class=\"vc_custom_1541837778818\">\n\n<div id=\"text-block-26\" class=\"mk-text-block\">\n\n\t\n\t<p style=\"text-align: center;\"><em>Bai\u2026geroari<\/em><br \/>\n<em>Esperantza mezu bat<\/em><\/p>\n\n\t<div class=\"clearboth\"><\/div>\n<\/div>\n\n\t<\/div>\n<\/div><\/div><\/div>\t\t\n<\/div>\n\n<div id=\"padding-27\" class=\"mk-padding-divider   clearfix\"><\/div>\n\n\n\n<div class=\"wpb_row vc_inner vc_row vc_row-fluid    attched-false\">\n\t\t\n\t\t<div class=\"wpb_column vc_column_container vc_col-sm-4\"><div class=\"vc_column-inner\"><div class=\"wpb_wrapper\"><\/div><\/div><\/div><div class=\"wpb_column vc_column_container vc_col-sm-4\"><div class=\"vc_column-inner\"><div class=\"wpb_wrapper\">\n<div class=\"mk-circle-image\" id=\"mk-circle-image-28\">\n\t<div class=\"mk-circle-image__holder\">\n\n\t<img class=\"mk-circle-image__img\" title=\"\" alt=\"\" src=\"https:\/\/obseques-paysbasque.com\/wp-content\/uploads\/bfi_thumb\/croix-basque-qp5q8z6g3igy934fz9ffp7t1m1bnzkof8ysx4fs7pc.png\">\n<\/div>\n<\/div>\n<div class=\"clearboth\"><\/div>\n<\/div><\/div><\/div><div class=\"wpb_column vc_column_container vc_col-sm-4\"><div class=\"vc_column-inner\"><div class=\"wpb_wrapper\"><\/div><\/div><\/div>\t\t\n<\/div>\n\n<div id=\"padding-29\" class=\"mk-padding-divider   clearfix\"><\/div>\n\n<\/div>\n\t<\/div>","protected":false},"excerpt":{"rendered":"Soucieux d\u2019apporter une solution locale aux habitants du Canton de Saint-Etienne-de-Ba\u00efgorry, Patrick O\u00c7AFRAIN \u2013 originaire de Banca, pilotari renomm\u00e9 et exceptionnel \u2013 et Ma\u00eft\u00e9 ETCHART \u2013 d\u00e9j\u00e0 gestionnaire du fun\u00e9rarium d\u2019Iholdy \u2013 d\u00e9cident en ce d\u00e9but d\u2019ann\u00e9e 2013 de construire un fun\u00e9rarium sur la commune de Baigorri. Apr\u00e8s une formation approfondie et la d\u00e9tention de [...]","protected":false},"author":1,"featured_media":0,"parent":0,"menu_order":0,"comment_status":"closed","ping_status":"closed","template":"","meta":[],"_links":{"self":[{"href":"https:\/\/obseques-paysbasque.com\/eus\/wp-json\/wp\/v2\/pages\/163"}],"collection":[{"href":"https:\/\/obseques-paysbasque.com\/eus\/wp-json\/wp\/v2\/pages"}],"about":[{"href":"https:\/\/obseques-paysbasque.com\/eus\/wp-json\/wp\/v2\/types\/page"}],"author":[{"embeddable":true,"href":"https:\/\/obseques-paysbasque.com\/eus\/wp-json\/wp\/v2\/users\/1"}],"replies":[{"embeddable":true,"href":"https:\/\/obseques-paysbasque.com\/eus\/wp-json\/wp\/v2\/comments?post=163"}],"version-history":[{"count":0,"href":"https:\/\/obseques-paysbasque.com\/eus\/wp-json\/wp\/v2\/pages\/163\/revisions"}],"wp:attachment":[{"href":"https:\/\/obseques-paysbasque.com\/eus\/wp-json\/wp\/v2\/media?parent=163"}],"curies":[{"name":"wp","href":"https:\/\/api.w.org\/{rel}","templated":true}]}}