{"id":349,"date":"2018-10-27T10:54:02","date_gmt":"2018-10-27T08:54:02","guid":{"rendered":"http:\/\/obseques-paysbasque.com\/?page_id=349"},"modified":"2024-07-01T12:32:45","modified_gmt":"2024-07-01T10:32:45","slug":"contact","status":"publish","type":"page","link":"https:\/\/obseques-paysbasque.com\/eus\/baigorri\/contact\/","title":{"rendered":"Kontaktua"},"content":{"rendered":"<div  data-mk-full-width=\"true\" data-mk-full-width-init=\"false\" data-mk-stretch-content=\"true\" class=\"wpb_row vc_row vc_row-fluid  mk-fullwidth-true  attched-false     js-master-row  mk-full-content-true\">\n\t\t\t\t\n<div class=\"vc_col-sm-12 wpb_column column_container   _ height-full\">\n\t<div id=\"mk-advanced-gmaps-2\" class=\"mk-advanced-gmaps    js-el\" \n\tstyle=\"height: 360px;\"\n\tdata-mk-component='[ \"AdvancedGMaps\" ]'\n\tdata-advancedgmaps-config='{\"places\":[{\"address\":\"Pompes Fun&egrave;bres Baigeroari\",\"latitude\":\"43.174869\",\"longitude\":\"-1.345071\",\"marker\":\"\"}],\"options\":{\"zoom\":13,\"draggable\":true,\"panControl\":true,\"zoomControl\":true,\"scaleControl\":true,\"mapTypeControl\":true,\"mapTypeId\":\"ROADMAP\",\"apikey\":\"AIzaSyASHByhp6M5BXe5HaJgWpsrSwW313ZNhIw\"},\"style\":[],\"icon\":\"\"}'\n><\/div><\/div>\n\t<\/div>\n<div class=\"vc_row-full-width vc_clearfix\"><\/div>\n<div  data-mk-stretch-content=\"true\" class=\"wpb_row vc_row vc_row-fluid  mk-fullwidth-false  attched-false     js-master-row  mk-grid\">\n\t\t\t\t\n<div class=\"vc_col-sm-12 wpb_column column_container   _ height-full\">\n\t\n<div id=\"padding-4\" class=\"mk-padding-divider   clearfix\"><\/div>\n\n\n<h1 id=\"fancy-title-5\" class=\"mk-fancy-title  mk-animate-element fade-in  simple-style   color-single\">\n\t<span>\n\t\t\t\t<h1>Jarri nirekin harremanetan<\/h1>\n\t\t\t<\/span>\n<\/h1>\n<div class=\"clearboth\"><\/div>\n\n\n\n\n\n<div class=\"wpb_row vc_inner vc_row vc_row-fluid    attched-false\">\n\t\t\n\t\t<div class=\"wpb_column vc_column_container vc_col-sm-4\"><div class=\"vc_column-inner\"><div class=\"wpb_wrapper\">\n<h4 id=\"fancy-title-6\" class=\"mk-fancy-title  simple-style   color-single\">\n\t<span>\n\t\t\t\t<h4 style=\"text-align: center;\"><strong>Ene helbidea<br \/>\n<\/strong><\/h4>\n\t\t\t<\/span>\n<\/h4>\n<div class=\"clearboth\"><\/div>\n\n\n\n   \n\n<div class=\"widget_contact_info mk-contactinfo-shortcode a_margin-bottom-20\" itemscope=\"itemscope\" itemtype=\"https:\/\/schema.org\/Person\" >\n\n\t\t<ul>\n\t\t\n\t\t\t\t\t<li><i><svg  class=\"mk-svg-icon\" data-name=\"mk-moon-office\" data-cacheid=\"icon-69f3fa92a4fab\" style=\" height:16px; width: 16px; \"  xmlns=\"http:\/\/www.w3.org\/2000\/svg\" viewbox=\"0 0 512 512\"><path d=\"M0 512h256v-512h-256v512zm160-448h64v64h-64v-64zm0 128h64v64h-64v-64zm0 128h64v64h-64v-64zm-128-256h64v64h-64v-64zm0 128h64v64h-64v-64zm0 128h64v64h-64v-64zm256-160h224v32h-224zm0 352h64v-128h96v128h64v-288h-224z\"\/><\/svg><\/i><span itemprop=\"jobTitle\">BAIGEROARI Beila Lekua<\/span><\/li>\n\t\t\n\t\t\t\t\t<li><i><svg  class=\"mk-svg-icon\" data-name=\"mk-icon-home\" data-cacheid=\"icon-69f3fa92a5178\" style=\" height:16px; width: 14.857142857143px; \"  xmlns=\"http:\/\/www.w3.org\/2000\/svg\" viewbox=\"0 0 1664 1792\"><path d=\"M1408 992v480q0 26-19 45t-45 19h-384v-384h-256v384h-384q-26 0-45-19t-19-45v-480q0-1 .5-3t.5-3l575-474 575 474q1 2 1 6zm223-69l-62 74q-8 9-21 11h-3q-13 0-21-7l-692-577-692 577q-12 8-24 7-13-2-21-11l-62-74q-8-10-7-23.5t11-21.5l719-599q32-26 76-26t76 26l244 204v-195q0-14 9-23t23-9h192q14 0 23 9t9 23v408l219 182q10 8 11 21.5t-7 23.5z\"\/><\/svg><\/i><span itemprop=\"address\" itemscope=\"\" itemtype=\"http:\/\/schema.org\/PostalAddress\">Geltoki lotizamenduan - 64430 Baigorri<\/span><\/li>\n\t\t\n\t\t\t\t\t<li><i><svg  class=\"mk-svg-icon\" data-name=\"mk-icon-phone\" data-cacheid=\"icon-69f3fa92a530f\" style=\" height:16px; width: 12.571428571429px; \"  xmlns=\"http:\/\/www.w3.org\/2000\/svg\" viewbox=\"0 0 1408 1792\"><path d=\"M1408 1240q0 27-10 70.5t-21 68.5q-21 50-122 106-94 51-186 51-27 0-52.5-3.5t-57.5-12.5-47.5-14.5-55.5-20.5-49-18q-98-35-175-83-128-79-264.5-215.5t-215.5-264.5q-48-77-83-175-3-9-18-49t-20.5-55.5-14.5-47.5-12.5-57.5-3.5-52.5q0-92 51-186 56-101 106-122 25-11 68.5-21t70.5-10q14 0 21 3 18 6 53 76 11 19 30 54t35 63.5 31 53.5q3 4 17.5 25t21.5 35.5 7 28.5q0 20-28.5 50t-62 55-62 53-28.5 46q0 9 5 22.5t8.5 20.5 14 24 11.5 19q76 137 174 235t235 174q2 1 19 11.5t24 14 20.5 8.5 22.5 5q18 0 46-28.5t53-62 55-62 50-28.5q14 0 28.5 7t35.5 21.5 25 17.5q25 15 53.5 31t63.5 35 54 30q70 35 76 53 3 7 3 21z\"\/><\/svg><\/i><span><a itemprop=\"telephone\" href=\"tel:http:\/\/0559374000\">0559374000<\/a><\/span><\/li>\n\t\t\n\t\t\n\t\t\t\t\t<li><i><svg  class=\"mk-svg-icon\" data-name=\"mk-icon-envelope\" data-cacheid=\"icon-69f3fa92a547f\" style=\" height:16px; width: 16px; \"  xmlns=\"http:\/\/www.w3.org\/2000\/svg\" viewbox=\"0 0 1792 1792\"><path d=\"M1792 710v794q0 66-47 113t-113 47h-1472q-66 0-113-47t-47-113v-794q44 49 101 87 362 246 497 345 57 42 92.5 65.5t94.5 48 110 24.5h2q51 0 110-24.5t94.5-48 92.5-65.5q170-123 498-345 57-39 100-87zm0-294q0 79-49 151t-122 123q-376 261-468 325-10 7-42.5 30.5t-54 38-52 32.5-57.5 27-50 9h-2q-23 0-50-9t-57.5-27-52-32.5-54-38-42.5-30.5q-91-64-262-182.5t-205-142.5q-62-42-117-115.5t-55-136.5q0-78 41.5-130t118.5-52h1472q65 0 112.5 47t47.5 113z\"\/><\/svg><\/i><span><a itemprop=\"email\" href=\"mailto:fune.baigorri&#064;sfr.fr\">fune.baigorri&#064;sfr.fr<\/a><\/span><\/li>\n\t\t\n\t\t\t\t\t\t\t\t<li><i><svg  class=\"mk-svg-icon\" data-name=\"mk-icon-globe\" data-cacheid=\"icon-69f3fa92a55d5\" style=\" height:16px; width: 13.714285714286px; \"  xmlns=\"http:\/\/www.w3.org\/2000\/svg\" viewbox=\"0 0 1536 1792\"><path d=\"M768 128q209 0 385.5 103t279.5 279.5 103 385.5-103 385.5-279.5 279.5-385.5 103-385.5-103-279.5-279.5-103-385.5 103-385.5 279.5-279.5 385.5-103zm274 521q-2 1-9.5 9.5t-13.5 9.5q2 0 4.5-5t5-11 3.5-7q6-7 22-15 14-6 52-12 34-8 51 11-2-2 9.5-13t14.5-12q3-2 15-4.5t15-7.5l2-22q-12 1-17.5-7t-6.5-21q0 2-6 8 0-7-4.5-8t-11.5 1-9 1q-10-3-15-7.5t-8-16.5-4-15q-2-5-9.5-10.5t-9.5-10.5q-1-2-2.5-5.5t-3-6.5-4-5.5-5.5-2.5-7 5-7.5 10-4.5 5q-3-2-6-1.5t-4.5 1-4.5 3-5 3.5q-3 2-8.5 3t-8.5 2q15-5-1-11-10-4-16-3 9-4 7.5-12t-8.5-14h5q-1-4-8.5-8.5t-17.5-8.5-13-6q-8-5-34-9.5t-33-.5q-5 6-4.5 10.5t4 14 3.5 12.5q1 6-5.5 13t-6.5 12q0 7 14 15.5t10 21.5q-3 8-16 16t-16 12q-5 8-1.5 18.5t10.5 16.5q2 2 1.5 4t-3.5 4.5-5.5 4-6.5 3.5l-3 2q-11 5-20.5-6t-13.5-26q-7-25-16-30-23-8-29 1-5-13-41-26-25-9-58-4 6-1 0-15-7-15-19-12 3-6 4-17.5t1-13.5q3-13 12-23 1-1 7-8.5t9.5-13.5.5-6q35 4 50-11 5-5 11.5-17t10.5-17q9-6 14-5.5t14.5 5.5 14.5 5q14 1 15.5-11t-7.5-20q12 1 3-17-5-7-8-9-12-4-27 5-8 4 2 8-1-1-9.5 10.5t-16.5 17.5-16-5q-1-1-5.5-13.5t-9.5-13.5q-8 0-16 15 3-8-11-15t-24-8q19-12-8-27-7-4-20.5-5t-19.5 4q-5 7-5.5 11.5t5 8 10.5 5.5 11.5 4 8.5 3q14 10 8 14-2 1-8.5 3.5t-11.5 4.5-6 4q-3 4 0 14t-2 14q-5-5-9-17.5t-7-16.5q7 9-25 6l-10-1q-4 0-16 2t-20.5 1-13.5-8q-4-8 0-20 1-4 4-2-4-3-11-9.5t-10-8.5q-46 15-94 41 6 1 12-1 5-2 13-6.5t10-5.5q34-14 42-7l5-5q14 16 20 25-7-4-30-1-20 6-22 12 7 12 5 18-4-3-11.5-10t-14.5-11-15-5q-16 0-22 1-146 80-235 222 7 7 12 8 4 1 5 9t2.5 11 11.5-3q9 8 3 19 1-1 44 27 19 17 21 21 3 11-10 18-1-2-9-9t-9-4q-3 5 .5 18.5t10.5 12.5q-7 0-9.5 16t-2.5 35.5-1 23.5l2 1q-3 12 5.5 34.5t21.5 19.5q-13 3 20 43 6 8 8 9 3 2 12 7.5t15 10 10 10.5q4 5 10 22.5t14 23.5q-2 6 9.5 20t10.5 23q-1 0-2.5 1t-2.5 1q3 7 15.5 14t15.5 13q1 3 2 10t3 11 8 2q2-20-24-62-15-25-17-29-3-5-5.5-15.5t-4.5-14.5q2 0 6 1.5t8.5 3.5 7.5 4 2 3q-3 7 2 17.5t12 18.5 17 19 12 13q6 6 14 19.5t0 13.5q9 0 20 10t17 20q5 8 8 26t5 24q2 7 8.5 13.5t12.5 9.5l16 8 13 7q5 2 18.5 10.5t21.5 11.5q10 4 16 4t14.5-2.5 13.5-3.5q15-2 29 15t21 21q36 19 55 11-2 1 .5 7.5t8 15.5 9 14.5 5.5 8.5q5 6 18 15t18 15q6-4 7-9-3 8 7 20t18 10q14-3 14-32-31 15-49-18 0-1-2.5-5.5t-4-8.5-2.5-8.5 0-7.5 5-3q9 0 10-3.5t-2-12.5-4-13q-1-8-11-20t-12-15q-5 9-16 8t-16-9q0 1-1.5 5.5t-1.5 6.5q-13 0-15-1 1-3 2.5-17.5t3.5-22.5q1-4 5.5-12t7.5-14.5 4-12.5-4.5-9.5-17.5-2.5q-19 1-26 20-1 3-3 10.5t-5 11.5-9 7q-7 3-24 2t-24-5q-13-8-22.5-29t-9.5-37q0-10 2.5-26.5t3-25-5.5-24.5q3-2 9-9.5t10-10.5q2-1 4.5-1.5t4.5 0 4-1.5 3-6q-1-1-4-3-3-3-4-3 7 3 28.5-1.5t27.5 1.5q15 11 22-2 0-1-2.5-9.5t-.5-13.5q5 27 29 9 3 3 15.5 5t17.5 5q3 2 7 5.5t5.5 4.5 5-.5 8.5-6.5q10 14 12 24 11 40 19 44 7 3 11 2t4.5-9.5 0-14-1.5-12.5l-1-8v-18l-1-8q-15-3-18.5-12t1.5-18.5 15-18.5q1-1 8-3.5t15.5-6.5 12.5-8q21-19 15-35 7 0 11-9-1 0-5-3t-7.5-5-4.5-2q9-5 2-16 5-3 7.5-11t7.5-10q9 12 21 2 7-8 1-16 5-7 20.5-10.5t18.5-9.5q7 2 8-2t1-12 3-12q4-5 15-9t13-5l17-11q3-4 0-4 18 2 31-11 10-11-6-20 3-6-3-9.5t-15-5.5q3-1 11.5-.5t10.5-1.5q15-10-7-16-17-5-43 12zm-163 877q206-36 351-189-3-3-12.5-4.5t-12.5-3.5q-18-7-24-8 1-7-2.5-13t-8-9-12.5-8-11-7q-2-2-7-6t-7-5.5-7.5-4.5-8.5-2-10 1l-3 1q-3 1-5.5 2.5t-5.5 3-4 3 0 2.5q-21-17-36-22-5-1-11-5.5t-10.5-7-10-1.5-11.5 7q-5 5-6 15t-2 13q-7-5 0-17.5t2-18.5q-3-6-10.5-4.5t-12 4.5-11.5 8.5-9 6.5-8.5 5.5-8.5 7.5q-3 4-6 12t-5 11q-2-4-11.5-6.5t-9.5-5.5q2 10 4 35t5 38q7 31-12 48-27 25-29 40-4 22 12 26 0 7-8 20.5t-7 21.5q0 6 2 16z\"\/><\/svg><\/i><span><a href=\"https:\/\/obseques-paysbasque.com\/eus\/\" itemprop=\"url\">www.obseques-paysbasque.com<\/a><\/span><\/li>\t\t\n\t\t\t<\/ul>\n<\/div>\n   \n\n<div class=\"widget_contact_info mk-contactinfo-shortcode a_margin-bottom-20\" itemscope=\"itemscope\" itemtype=\"https:\/\/schema.org\/Person\" >\n\n\t\t<ul>\n\t\t\t\t\t<li><i><svg  class=\"mk-svg-icon\" data-name=\"mk-moon-user-7\" data-cacheid=\"icon-69f3fa92a59d8\" style=\" height:16px; width: 16px; \"  xmlns=\"http:\/\/www.w3.org\/2000\/svg\" viewbox=\"0 0 512 512\"><path d=\"M160 384a96 96 10980 1 0 192 0 96 96 10980 1 0-192 0zm224.039-128h-17.712l-99.552-202.122 37.225 186.122-48 48-48-48 37.225-186.122-99.551 202.122h-17.712000000000003c-63.962 0-63.962-42.993-63.962-96v-160h384v160c0 53.007 0 96-63.961 96z\" transform=\"scale(1 -1) translate(0 -480)\"\/><\/svg><\/i><span itemprop=\"name\">Maite ETCHART<\/span><\/li>\n\t\t\n\t\t\n\t\t\n\t\t\t\t\t<li><i><svg  class=\"mk-svg-icon\" data-name=\"mk-icon-phone\" data-cacheid=\"icon-69f3fa92a5b0b\" style=\" height:16px; width: 12.571428571429px; \"  xmlns=\"http:\/\/www.w3.org\/2000\/svg\" viewbox=\"0 0 1408 1792\"><path d=\"M1408 1240q0 27-10 70.5t-21 68.5q-21 50-122 106-94 51-186 51-27 0-52.5-3.5t-57.5-12.5-47.5-14.5-55.5-20.5-49-18q-98-35-175-83-128-79-264.5-215.5t-215.5-264.5q-48-77-83-175-3-9-18-49t-20.5-55.5-14.5-47.5-12.5-57.5-3.5-52.5q0-92 51-186 56-101 106-122 25-11 68.5-21t70.5-10q14 0 21 3 18 6 53 76 11 19 30 54t35 63.5 31 53.5q3 4 17.5 25t21.5 35.5 7 28.5q0 20-28.5 50t-62 55-62 53-28.5 46q0 9 5 22.5t8.5 20.5 14 24 11.5 19q76 137 174 235t235 174q2 1 19 11.5t24 14 20.5 8.5 22.5 5q18 0 46-28.5t53-62 55-62 50-28.5q14 0 28.5 7t35.5 21.5 25 17.5q25 15 53.5 31t63.5 35 54 30q70 35 76 53 3 7 3 21z\"\/><\/svg><\/i><span><a itemprop=\"telephone\" href=\"tel:http:\/\/06 30 28 19 64\">06 30 28 19 64<\/a><\/span><\/li>\n\t\t\n\t\t\n\t\t\n\t\t\n\t\t\t<\/ul>\n<\/div>\n<\/div><\/div><\/div><div class=\"wpb_column vc_column_container vc_col-sm-8\"><div class=\"vc_column-inner\"><div class=\"wpb_wrapper\">\t<div class=\"vc_custom_1540632616314\">\n\n<div id=\"text-block-7\" class=\"mk-text-block\">\n\n\t\n\t\n<div class=\"wpcf7 no-js\" id=\"wpcf7-f358-o1\" lang=\"fr-FR\" dir=\"ltr\">\n<div class=\"screen-reader-response\"><p role=\"status\" aria-live=\"polite\" aria-atomic=\"true\"><\/p> <ul><\/ul><\/div>\n<form action=\"\/eus\/wp-json\/wp\/v2\/pages\/349#wpcf7-f358-o1\" method=\"post\" class=\"wpcf7-form init\" aria-label=\"Formulaire de contact\" novalidate=\"novalidate\" data-status=\"init\" data-trp-original-action=\"\/eus\/wp-json\/wp\/v2\/pages\/349#wpcf7-f358-o1\">\n<div style=\"display: none;\">\n<input type=\"hidden\" name=\"_wpcf7\" value=\"358\" \/>\n<input type=\"hidden\" name=\"_wpcf7_version\" value=\"5.7.7\" \/>\n<input type=\"hidden\" name=\"_wpcf7_locale\" value=\"fr_FR\" \/>\n<input type=\"hidden\" name=\"_wpcf7_unit_tag\" value=\"wpcf7-f358-o1\" \/>\n<input type=\"hidden\" name=\"_wpcf7_container_post\" value=\"0\" \/>\n<input type=\"hidden\" name=\"_wpcf7_posted_data_hash\" value=\"\" \/>\n<input type=\"hidden\" name=\"_wpcf7_recaptcha_response\" value=\"\" \/>\n<\/div>\n<p><span class=\"wpcf7-form-control-wrap\" data-name=\"your-name\"><input size=\"40\" class=\"wpcf7-form-control wpcf7-text wpcf7-validates-as-required\" aria-required=\"true\" aria-invalid=\"false\" placeholder=\"Zure Deitura *\" value=\"\" type=\"text\" name=\"your-name\" \/><\/span><span class=\"wpcf7-form-control-wrap\" data-name=\"your-lastname\"><input size=\"40\" class=\"wpcf7-form-control wpcf7-text wpcf7-validates-as-required\" aria-required=\"true\" aria-invalid=\"false\" placeholder=\"Zure Izena *\" value=\"\" type=\"text\" name=\"your-lastname\" \/><\/span>\n<\/p>\n<p><span class=\"wpcf7-form-control-wrap\" data-name=\"your-email\"><input size=\"40\" class=\"wpcf7-form-control wpcf7-text wpcf7-email wpcf7-validates-as-required wpcf7-validates-as-email\" aria-required=\"true\" aria-invalid=\"false\" placeholder=\"Zure e-maila *\" value=\"\" type=\"email\" name=\"your-email\" \/><\/span><span class=\"wpcf7-form-control-wrap\" data-name=\"your-phone\"><input size=\"40\" class=\"wpcf7-form-control wpcf7-text wpcf7-tel wpcf7-validates-as-required wpcf7-validates-as-tel\" aria-required=\"true\" aria-invalid=\"false\" placeholder=\"Zure Telefono zenbakia *\" value=\"\" type=\"tel\" name=\"your-phone\" \/><\/span>\n<\/p>\n<p><span class=\"wpcf7-form-control-wrap\" data-name=\"your-address\"><input size=\"40\" class=\"wpcf7-form-control wpcf7-text\" aria-invalid=\"false\" placeholder=\"Zure helbidea\" value=\"\" type=\"text\" name=\"your-address\" \/><\/span>\n<\/p>\n<p><span class=\"wpcf7-form-control-wrap\" data-name=\"your-message\"><textarea cols=\"40\" rows=\"4\" class=\"wpcf7-form-control wpcf7-textarea wpcf7-validates-as-required\" aria-required=\"true\" aria-invalid=\"false\" placeholder=\"Zure mezua *\" name=\"your-message\"><\/textarea><\/span>\n<\/p>\n\n<p><input class=\"wpcf7-form-control has-spinner wpcf7-submit\" type=\"submit\" value=\"Igorri\" \/>\n<\/p><div class=\"wpcf7-response-output\" aria-hidden=\"true\"><\/div>\n<input type=\"hidden\" name=\"trp-form-language\" value=\"eus\"\/><\/form>\n<\/div>\n\n\n\t<div class=\"clearboth\"><\/div>\n<\/div>\n\n\t<\/div>\n<\/div><\/div><\/div>\t\t\n<\/div>\n\n<div id=\"padding-8\" class=\"mk-padding-divider   clearfix\"><\/div>\n\n\n\t<div  class=\"wpb_single_image wpb_content_element vc_align_center\">\n\t\t\n\t\t<figure class=\"wpb_wrapper vc_figure\">\n\t\t\t<div class=\"vc_single_image-wrapper   vc_box_border_grey\"><img width=\"150\" height=\"150\" src=\"https:\/\/obseques-paysbasque.com\/wp-content\/uploads\/2018\/10\/croix-basque-150x150.png\" class=\"vc_single_image-img attachment-thumbnail\" alt=\"croix-basque\" decoding=\"async\" loading=\"lazy\" srcset=\"https:\/\/obseques-paysbasque.com\/wp-content\/uploads\/2018\/10\/croix-basque-150x150.png 150w, https:\/\/obseques-paysbasque.com\/wp-content\/uploads\/2018\/10\/croix-basque-100x100.png 100w, https:\/\/obseques-paysbasque.com\/wp-content\/uploads\/2018\/10\/croix-basque-1024x1024.png 1024w, https:\/\/obseques-paysbasque.com\/wp-content\/uploads\/2018\/10\/croix-basque.png 256w\" sizes=\"(max-width: 150px) 100vw, 150px\" itemprop=\"image\" \/><\/div>\n\t\t<\/figure>\n\t<\/div>\n\n<div id=\"padding-9\" class=\"mk-padding-divider   clearfix\"><\/div>\n\n<\/div>\n\t<\/div>\n\n<div class=\"mk-page-section-wrapper\" data-mk-full-width=\"true\" data-mk-full-width-init=\"true\" data-mk-stretch-content=\"true\">\n\t<div id=\"page-section-10\" class=\"mk-page-section self-hosted   full_layout full-width-10 js-el js-master-row     center-y\"    data-intro-effect=\"false\">\n\n\t\t\t\n\t\t\t<div class=\"mk-page-section-inner\">\n\t\t\t\t\n\n\n<div class=\"mk-video-color-mask\"><\/div>\n\n\t\t\t\t\n\t\t\t\t\n\t\t\t<div class=\"mk-section-preloader js-el\" data-mk-component=\"Preloader\">\n\t\t\t<div class=\"mk-section-preloader__icon\"><\/div>\n\t\t<\/div>\n\t\t\n\n\t<div class=\"background-layer-holder\">\n\t\t<div id=\"background-layer--10\" data-mk-lazyload=\"false\" class=\"background-layer mk-background-stretch none-blend-effect js-el\" data-mk-component=\"Parallax\" data-parallax-config='{\"speed\" : 0.3 }'  data-mk-img-set='{\"landscape\":{\"desktop\":\"https:\/\/obseques-paysbasque.com\/wp-content\/uploads\/2018\/10\/gros-plans-fleurs-sur-arbre-sombre.jpg\",\"tablet\":\"https:\/\/obseques-paysbasque.com\/wp-content\/uploads\/2018\/10\/gros-plans-fleurs-sur-arbre-sombre-1024x768.jpg\",\"mobile\":\"https:\/\/obseques-paysbasque.com\/wp-content\/uploads\/2018\/10\/gros-plans-fleurs-sur-arbre-sombre-736x414.jpg\"},\"responsive\":\"true\"}' >\n\t\t\t\t\t\t\t\t\t<div class=\"mk-color-layer\"><\/div>\n\t\t<\/div>\n\t<\/div>\n\n\t\t\t<\/div>\n\n\t\t\t\n        <div class=\"page-section-content vc_row-fluid mk-grid\" >\n            <div class=\"mk-padding-wrapper wpb_row\">\n<div class=\"vc_col-sm-12 wpb_column column_container   _ height-full\">\n\t\n<h2 id=\"fancy-title-12\" class=\"mk-fancy-title  simple-style   color-single\">\n\t<span>\n\t\t\t\t<h2 style=\"text-align: center;\"><strong><em>Abegi, Akonpainamendua, Entzumena, Laguntza: hau da nire BOKAZIOA!<\/em><\/strong><\/h2>\n\t\t\t<\/span>\n<\/h2>\n<div class=\"clearboth\"><\/div>\n\n\n\n\n<h3 id=\"fancy-title-13\" class=\"mk-fancy-title  simple-style   color-single\">\n\t<span>\n\t\t\t\t<h3 style=\"text-align: center; color: #fff !important;\">Etxean edo Hil beila lekuan<\/h3>\n<h3 style=\"text-align: center; color: #fff !important;\">Zure zerbitzura<\/h3>\n<h3 style=\"text-align: center; color: #fff !important;\">Hitzordua zuen gustura finkatzeko Maite deitu 05.59.37.40.00 zenbakira<\/h3>\n\t\t\t<\/span>\n<\/h3>\n<div class=\"clearboth\"><\/div>\n\n\n\n<\/div>\n<\/div>\n            <div class=\"clearboth\"><\/div>\n        <\/div>\n\n\n\t\t\t\n\t\t\t\n\t\t\t\n\t\t<div class=\"clearboth\"><\/div>\n\t<\/div>\n<\/div>\n<div class=\"vc_row-full-width vc_clearfix\"><\/div>","protected":false},"excerpt":{"rendered":"Me contacter Mon adresse Pompes Fun\u00e8bres Baigeroari 64430 Saint-\u00c9tienne-de-Ba\u00efgorry 0559374000 fune.baigorri&#064;sfr.fr www.obseques-paysbasque.com Ma\u00eft\u00e9 ETCHART 06 30 28 19 64 Accueil, Accompagnement, \u00c9coute, Soutien : telle est ma VOCATION ! \u00c0 domicile ou au fun\u00e9rarium \u00c0 votre service RDV \u00e0 votre convenance fix\u00e9 en appelant Ma\u00eft\u00e9 au 05.59.37.40.00","protected":false},"author":1,"featured_media":0,"parent":163,"menu_order":0,"comment_status":"closed","ping_status":"closed","template":"","meta":[],"_links":{"self":[{"href":"https:\/\/obseques-paysbasque.com\/eus\/wp-json\/wp\/v2\/pages\/349"}],"collection":[{"href":"https:\/\/obseques-paysbasque.com\/eus\/wp-json\/wp\/v2\/pages"}],"about":[{"href":"https:\/\/obseques-paysbasque.com\/eus\/wp-json\/wp\/v2\/types\/page"}],"author":[{"embeddable":true,"href":"https:\/\/obseques-paysbasque.com\/eus\/wp-json\/wp\/v2\/users\/1"}],"replies":[{"embeddable":true,"href":"https:\/\/obseques-paysbasque.com\/eus\/wp-json\/wp\/v2\/comments?post=349"}],"version-history":[{"count":0,"href":"https:\/\/obseques-paysbasque.com\/eus\/wp-json\/wp\/v2\/pages\/349\/revisions"}],"up":[{"embeddable":true,"href":"https:\/\/obseques-paysbasque.com\/eus\/wp-json\/wp\/v2\/pages\/163"}],"wp:attachment":[{"href":"https:\/\/obseques-paysbasque.com\/eus\/wp-json\/wp\/v2\/media?parent=349"}],"curies":[{"name":"wp","href":"https:\/\/api.w.org\/{rel}","templated":true}]}}