{"id":519,"date":"2018-10-30T15:22:15","date_gmt":"2018-10-30T14:22:15","guid":{"rendered":"http:\/\/obseques-paysbasque.com\/?page_id=519"},"modified":"2024-07-01T14:17:40","modified_gmt":"2024-07-01T12:17:40","slug":"prestations","status":"publish","type":"page","link":"https:\/\/obseques-paysbasque.com\/eus\/iholdy\/prestations\/","title":{"rendered":"Zerbitzuak"},"content":{"rendered":"<div  data-mk-stretch-content=\"true\" class=\"wpb_row vc_row vc_row-fluid  mk-fullwidth-false  attched-false     js-master-row  mk-grid\">\n\t\t\t\t\n<div class=\"vc_col-sm-12 wpb_column column_container   _ height-full\">\n\t\n<div id=\"padding-2\" class=\"mk-padding-divider   clearfix\"><\/div>\n\n\n<h1 id=\"fancy-title-3\" class=\"mk-fancy-title  mk-animate-element fade-in  simple-style   color-single\">\n\t<span>\n\t\t\t\t<h1>Zerbitzuak<\/h1>\n\t\t\t<\/span>\n<\/h1>\n<div class=\"clearboth\"><\/div>\n\n\n\n\n\n<div class=\"wpb_row vc_inner vc_row vc_row-fluid    attched-false\">\n\t\t\n\t\t<div class=\"wpb_column vc_column_container vc_col-sm-9\"><div class=\"vc_column-inner\"><div class=\"wpb_wrapper\">\t<div class=\"vc_custom_1719836196694\">\n\n<div id=\"text-block-4\" class=\"mk-text-block  mk-animate-element fade-in\">\n\n\t\n\t<h3><strong>Ehorzketa antolaketa osoa etxean edo hil beila lekuan<\/strong><\/h3>\n<p>Ehorzketen antolaketa osoaz arduratzen naiz familiaren baimenarekin baita arauen arabera : urratsak, hilkutxaren hautua, hilobitzea edo gorputz erraustea, egunkarian agertzea, loreak, plakak, hilobi harria...<\/p>\n<h3><strong>Gorputzaren garraiatzea hilkutxan sartu aintzin eta ondoren<\/strong><\/h3>\n<p class=\" translation-block\">Heriotza gerta daiteke etxean, ospitalean, klinikan, zahar etxean edo medikuntza zerbitzua duen edozein etxeetan, naturan edo oraindik atzerritar herri batetan\u2026 Orduan etxeratzeko edo beila lekura eramaiteko galdera pausatzen da. Dena den, urratsetaz eta familiak eskatu lekura garraiatzeaz arduratzen naiz.<br>\nHigiene eta agertze artak eginen dira. Agertze lekura garraiatzea heriotzaren ondotik 24 oren barne egiten da (cf mediku agiria).<br>\nZenduak diren pertsonak hauen bildutasun tokirat eremanak izanen dira (zeremonia edo\ngorputz erraustegia) eta\/edo hilobi lekura eta hau mugagainetik ere beharrez. Garraiatzeari\ndoazkion formalitatetaz arduratzen naiz.<\/p>\n<h3><strong>Familien laguntzea<\/strong><\/h3>\n<p>Mait\u00e9k trebakuntza sakona egin du doluan dagoen familia baten mina arintzeko, haien beharrei eraginkortasunez erantzuteko, haiekin adi egoteko eta, horrela, ondorio psikologikoak gutxitzeko...\nMaite bat hil ondoren sortzen den mina kentzea ezinezkoa bada, leuntzeko eta jasangarriagoa izateko lan egingo dut.<br \/>\nS&rsquo;il est impossible de supprimer la douleur qui survient apr\u00e8s la disparition d&rsquo;un \u00eatre cher, je m&#8217;emploierai \u00e0 l&rsquo;adoucir et la rendre plus supportable.<\/p>\n<h3><strong>Aurrekondu pertsonalizatua eta urririk<\/strong><\/h3>\n<p>Ehorzketa zerbitzuen prezioa galdegin dezakezue, ahal bezain zuzen estimatuko dizuet, galdetzea ez ezazuela duda.  Hitzordu baten galdegiteko deitzen nauzue eta horrela ene zerbitzua hobeki azalduko eta estimatuko dizuet.<\/p>\n\n\t<div class=\"clearboth\"><\/div>\n<\/div>\n\n\t<\/div>\n<\/div><\/div><\/div><div class=\"wpb_column vc_column_container vc_col-sm-3\"><div class=\"vc_column-inner\"><div class=\"wpb_wrapper\">\n\t<div  class=\"wpb_single_image wpb_content_element vc_align_center  wpb_animate_when_almost_visible wpb_fadeInRight fadeInRight\">\n\t\t\n\t\t<figure class=\"wpb_wrapper vc_figure\">\n\t\t\t<div class=\"vc_single_image-wrapper   vc_box_border_grey\"><img width=\"260\" height=\"720\" src=\"https:\/\/obseques-paysbasque.com\/wp-content\/uploads\/2018\/10\/rose-sur-pages.jpg\" class=\"vc_single_image-img attachment-full\" alt=\"\" decoding=\"async\" loading=\"lazy\" srcset=\"https:\/\/obseques-paysbasque.com\/wp-content\/uploads\/2018\/10\/rose-sur-pages.jpg 260w, https:\/\/obseques-paysbasque.com\/wp-content\/uploads\/2018\/10\/rose-sur-pages-108x300.jpg 108w\" sizes=\"(max-width: 260px) 100vw, 260px\" itemprop=\"image\" \/><\/div>\n\t\t<\/figure>\n\t<\/div>\n<\/div><\/div><\/div>\t\t\n<\/div>\n\t<div class=\"vc_custom_1719836237960\">\n\n<div id=\"text-block-5\" class=\"mk-text-block  mk-animate-element fade-in\">\n\n\t\n\t<h3><strong>Urrats eta formalitate administratiboak<\/strong><\/h3>\n<p class=\" translation-block\">Medikuak heriotza egiaztatu ondoren, urrats administratibo guzietaz arduratzen naiz.<br>\nEhorzketen ondotik, zuen arintzeko nik betetzen ahal dituztan formalitateak zehazten dituen gida bat emanen dizuet.<\/p>\n<h3><strong>Ehortz ornidurak<\/strong><\/h3>\n<p>Zuek hautatu plakak proposatuak izanen zizkizue. Zendua den pertsona maitearen argazkiei esker, paisaia batean kokatuz, kalitatezko euskarri batean, desberdinki omentzen dut. Nere dendan granitezko edo Altuglasezko ornidura ainitz proposatzen ditut, lore eta hauts ontziak, gama biologikoa.<\/p>\n<h3><strong>Lore apailuak<\/strong><\/h3>\n<p>Lore apailu naturalak (lekuko lilizainek eskainirik nahiz gero) edo sintetikoak proposatzen ditut tokirat eskuetaratuz (beila lekua eta gero nahi den tokirat), <span style=\"color: #cc1212;\">edozoin karietara (ez ehorzketarentzat bakarrik)<\/span>.<\/p>\n<h3><strong>Ehortz kontratuak<\/strong><\/h3>\n<p>Nahi duten pertsonek, bizi direnean, aintzinetik hauen ehorzketa osoaren antolaketa (erlisiozko ospakizun edo zibila) hilobiratzea edo gorputz erraustea, ehorzketa enpresa baita ordaintzeko modua pentsatzeko.<br \/>\n<a href=\"https:\/\/obseques-paysbasque.com\/eus\/baigorri\/prevoyance\/\">Ikus \u00ab Aurrez ikuste \u00bb titulua \u2192<\/a><\/p>\n\n\t<div class=\"clearboth\"><\/div>\n<\/div>\n\n\t<\/div>\n\n<div id=\"padding-6\" class=\"mk-padding-divider   clearfix\"><\/div>\n\n<\/div>\n\t<\/div>\n\n<div class=\"mk-page-section-wrapper\" data-mk-full-width=\"true\" data-mk-full-width-init=\"true\" data-mk-stretch-content=\"true\">\n\t<div id=\"page-section-7\" class=\"mk-page-section self-hosted   full_layout full-width-7 js-el js-master-row     center-y\"    data-intro-effect=\"false\">\n\n\t\t\t\n\t\t\t<div class=\"mk-page-section-inner\">\n\t\t\t\t\n\n\n<div class=\"mk-video-color-mask\"><\/div>\n\n\t\t\t\t\n\t\t\t\t\n\t\t\t<div class=\"mk-section-preloader js-el\" data-mk-component=\"Preloader\">\n\t\t\t<div class=\"mk-section-preloader__icon\"><\/div>\n\t\t<\/div>\n\t\t\n\n\t<div class=\"background-layer-holder\">\n\t\t<div id=\"background-layer--7\" data-mk-lazyload=\"false\" class=\"background-layer mk-background-stretch none-blend-effect js-el\" data-mk-component=\"Parallax\" data-parallax-config='{\"speed\" : 0.3 }'  data-mk-img-set='{\"landscape\":{\"desktop\":\"https:\/\/obseques-paysbasque.com\/wp-content\/uploads\/2018\/10\/gros-plans-fleurs-sur-arbre-sombre.jpg\",\"tablet\":\"https:\/\/obseques-paysbasque.com\/wp-content\/uploads\/2018\/10\/gros-plans-fleurs-sur-arbre-sombre-1024x768.jpg\",\"mobile\":\"https:\/\/obseques-paysbasque.com\/wp-content\/uploads\/2018\/10\/gros-plans-fleurs-sur-arbre-sombre-736x414.jpg\"},\"responsive\":\"true\"}' >\n\t\t\t\t\t\t\t\t\t<div class=\"mk-color-layer\"><\/div>\n\t\t<\/div>\n\t<\/div>\n\n\t\t\t<\/div>\n\n\t\t\t\n        <div class=\"page-section-content vc_row-fluid mk-grid\" >\n            <div class=\"mk-padding-wrapper wpb_row\">\n<div class=\"vc_col-sm-12 wpb_column column_container   _ height-full\">\n\t\n<h2 id=\"fancy-title-9\" class=\"mk-fancy-title  simple-style   color-single\">\n\t<span>\n\t\t\t\t<h2 style=\"text-align: center;\"><strong><em>Abegi, Akonpainamendua, Entzumena, Laguntza: hau da nire BOKAZIOA!<\/em><\/strong><\/h2>\n\t\t\t<\/span>\n<\/h2>\n<div class=\"clearboth\"><\/div>\n\n\n\n\n<h3 id=\"fancy-title-10\" class=\"mk-fancy-title  simple-style   color-single\">\n\t<span>\n\t\t\t\t<h3 style=\"text-align: center; color: #fff !important;\">Etxean edo Hil beila lekuan<\/h3>\n<h3 style=\"text-align: center; color: #fff !important;\">Zure zerbitzura<\/h3>\n<h3 style=\"text-align: center; color: #fff !important;\">Hitzordua zuen gustura finkatzeko Maite deitu 05.59.37.40.00 zenbakira<\/h3>\n\t\t\t<\/span>\n<\/h3>\n<div class=\"clearboth\"><\/div>\n\n\n\n<\/div>\n<\/div>\n            <div class=\"clearboth\"><\/div>\n        <\/div>\n\n\n\t\t\t\n\t\t\t\n\t\t\t\n\t\t<div class=\"clearboth\"><\/div>\n\t<\/div>\n<\/div>\n<div class=\"vc_row-full-width vc_clearfix\"><\/div>","protected":false},"excerpt":{"rendered":"Mes Prestations Organisation compl\u00e8te des obs\u00e8ques \u00e0 domicile ou en chambre fun\u00e9raire L'organisation compl\u00e8te des obs\u00e8ques m'est attribu\u00e9e selon les volont\u00e9s des familles et ceci dans le respect des r\u00e9glementations en vigueur : d\u00e9marches, choix du cercueil, de la c\u00e9r\u00e9monie, inhumation ou cr\u00e9mation, avis de publication sur un quotidien, fleurs, plaques, choix du monument fun\u00e9raire... [...]","protected":false},"author":1,"featured_media":0,"parent":500,"menu_order":0,"comment_status":"closed","ping_status":"closed","template":"","meta":[],"_links":{"self":[{"href":"https:\/\/obseques-paysbasque.com\/eus\/wp-json\/wp\/v2\/pages\/519"}],"collection":[{"href":"https:\/\/obseques-paysbasque.com\/eus\/wp-json\/wp\/v2\/pages"}],"about":[{"href":"https:\/\/obseques-paysbasque.com\/eus\/wp-json\/wp\/v2\/types\/page"}],"author":[{"embeddable":true,"href":"https:\/\/obseques-paysbasque.com\/eus\/wp-json\/wp\/v2\/users\/1"}],"replies":[{"embeddable":true,"href":"https:\/\/obseques-paysbasque.com\/eus\/wp-json\/wp\/v2\/comments?post=519"}],"version-history":[{"count":0,"href":"https:\/\/obseques-paysbasque.com\/eus\/wp-json\/wp\/v2\/pages\/519\/revisions"}],"up":[{"embeddable":true,"href":"https:\/\/obseques-paysbasque.com\/eus\/wp-json\/wp\/v2\/pages\/500"}],"wp:attachment":[{"href":"https:\/\/obseques-paysbasque.com\/eus\/wp-json\/wp\/v2\/media?parent=519"}],"curies":[{"name":"wp","href":"https:\/\/api.w.org\/{rel}","templated":true}]}}