{"id":532,"date":"2018-10-30T15:39:15","date_gmt":"2018-10-30T14:39:15","guid":{"rendered":"http:\/\/obseques-paysbasque.com\/?page_id=532"},"modified":"2023-07-10T14:29:41","modified_gmt":"2023-07-10T12:29:41","slug":"videos","status":"publish","type":"page","link":"https:\/\/obseques-paysbasque.com\/eus\/iholdy\/videos\/","title":{"rendered":"Bideo"},"content":{"rendered":"<div  data-mk-stretch-content=\"true\" class=\"wpb_row vc_row vc_row-fluid  mk-fullwidth-false  attched-false     js-master-row  mk-grid\">\n\t\t\t\t\n<div class=\"vc_col-sm-12 wpb_column column_container   _ height-full\">\n\t\n<div id=\"padding-2\" class=\"mk-padding-divider   clearfix\"><\/div>\n\n\n<h1 id=\"fancy-title-3\" class=\"mk-fancy-title  mk-animate-element fade-in  simple-style   color-single\">\n\t<span>\n\t\t\t\t<h1>Huna gure hil beila lekuaren bideo desberdin batzu<\/h1>\n\t\t\t<\/span>\n<\/h1>\n<div class=\"clearboth\"><\/div>\n\n\n\n\n\n<div class=\"wpb_row vc_inner vc_row vc_row-fluid    attched-false\">\n\t\t\n\t\t<div class=\"wpb_column vc_column_container vc_col-sm-4\"><div class=\"vc_column-inner\"><div class=\"wpb_wrapper\"><\/div><\/div><\/div><div class=\"wpb_column vc_column_container vc_col-sm-4\"><div class=\"vc_column-inner\"><div class=\"wpb_wrapper\">\n<h4 id=\"fancy-title-4\" class=\"mk-fancy-title  simple-style   color-single\">\n\t<span>\n\t\t\t\t<h4 style=\"text-align: center;\"><strong>Kanpoko bixta<\/strong><\/h4>\n\t\t\t<\/span>\n<\/h4>\n<div class=\"clearboth\"><\/div>\n\n\n\n<div class=\"wpb_video_widget\">\n\t<div class=\"wpb_wrapper\">\n\t\t\t\t<div id=\"video-container-5\" class=\"video-container\" data-id=\"5\" data-source=\"social_hosted\" data-autoplay=\"0\" data-loop=\"0\" data-target=\"lightbox\" itemprop=\"video\" itemtype=\"https:\/\/schema.org\/VideoObject\" >\n\t\t\t<div id=\"video-player-5\" class=\"video-player\">\n\t\t\t<iframe id=\"iframe-player-5\" data-id=\"5\" title=\"Vue Ext\u00e9rieur Fun\u00e9 Iholdy\" width=\"1140\" height=\"641\" src=\"https:\/\/www.youtube.com\/embed\/Bwfmk19F4gw?feature=oembed\" frameborder=\"0\" allow=\"accelerometer; autoplay; clipboard-write; encrypted-media; gyroscope; picture-in-picture\" allowfullscreen><\/iframe>\t\t\t<\/div>\n\t\t\t\t\t\t<div id=\"video-thumbnail-5\" class=\"video-thumbnail fade-in\">\n\t\t\t\t<div class=\"video-thumbnail-overlay\">\n\t\t\t\t\t<svg  class=\"mk-svg-icon\" data-name=\"mk-icon-play\" data-cacheid=\"icon-69e38df4635e7\" style=\" fill: #ffffff;  height:32px; width: 25.142857142857px; \"  xmlns=\"http:\/\/www.w3.org\/2000\/svg\" viewbox=\"0 0 1408 1792\"><path d=\"M1384 927l-1328 738q-23 13-39.5 3t-16.5-36v-1472q0-26 16.5-36t39.5 3l1328 738q23 13 23 31t-23 31z\"\/><\/svg>\t\t\t\t\t<div class=\"preloader-preview-area\" style=\"display:none;\">\n\t\t\t\t\t\t<div class=\"line-scale\">\n\t\t\t\t\t\t\t<div style=\"background-color: #c7c7c7\"><\/div>\n\t\t\t\t\t\t\t<div style=\"background-color: #c7c7c7\"><\/div>\n\t\t\t\t\t\t\t<div style=\"background-color: #c7c7c7\"><\/div>\n\t\t\t\t\t\t\t<div style=\"background-color: #c7c7c7\"><\/div>\n\t\t\t\t\t\t\t<div style=\"background-color: #c7c7c7\"><\/div>\n\t\t\t\t\t\t<\/div>\n\t\t\t\t\t <\/div>\n\t\t\t\t<\/div>\n\t\t\t<\/div>\n\t\t\t\t\t<\/div>\n\t<\/div>\n<\/div>\n<\/div><\/div><\/div><div class=\"wpb_column vc_column_container vc_col-sm-4\"><div class=\"vc_column-inner\"><div class=\"wpb_wrapper\"><\/div><\/div><\/div>\t\t\n<\/div>\n\n<div id=\"padding-6\" class=\"mk-padding-divider   clearfix\"><\/div>\n\n\n\n<div class=\"wpb_row vc_inner vc_row vc_row-fluid    attched-false\">\n\t\t\n\t\t<div class=\"wpb_column vc_column_container vc_col-sm-2\"><div class=\"vc_column-inner\"><div class=\"wpb_wrapper\"><\/div><\/div><\/div><div class=\"wpb_column vc_column_container vc_col-sm-4\"><div class=\"vc_column-inner\"><div class=\"wpb_wrapper\">\n<h4 id=\"fancy-title-7\" class=\"mk-fancy-title  simple-style   color-single\">\n\t<span>\n\t\t\t\t<h4 style=\"text-align: center;\"><strong>Hoxa Saloina<br \/>\n<\/strong><\/h4>\n\t\t\t<\/span>\n<\/h4>\n<div class=\"clearboth\"><\/div>\n\n\n\n<div class=\"wpb_video_widget\">\n\t<div class=\"wpb_wrapper\">\n\t\t\t\t<div id=\"video-container-8\" class=\"video-container\" data-id=\"8\" data-source=\"social_hosted\" data-autoplay=\"0\" data-loop=\"0\" data-target=\"lightbox\" itemprop=\"video\" itemtype=\"https:\/\/schema.org\/VideoObject\" >\n\t\t\t<div id=\"video-player-8\" class=\"video-player\">\n\t\t\t<iframe id=\"iframe-player-8\" data-id=\"8\" title=\"iholdy salon hoxa\" width=\"1140\" height=\"641\" src=\"https:\/\/www.youtube.com\/embed\/WxYuC_gLB1s?feature=oembed\" frameborder=\"0\" allow=\"accelerometer; autoplay; clipboard-write; encrypted-media; gyroscope; picture-in-picture; web-share\" allowfullscreen><\/iframe>\t\t\t<\/div>\n\t\t\t\t\t\t<div id=\"video-thumbnail-8\" class=\"video-thumbnail fade-in\">\n\t\t\t\t<div class=\"video-thumbnail-overlay\">\n\t\t\t\t\t<svg  class=\"mk-svg-icon\" data-name=\"mk-icon-play\" data-cacheid=\"icon-69e38df464203\" style=\" fill: #ffffff;  height:32px; width: 25.142857142857px; \"  xmlns=\"http:\/\/www.w3.org\/2000\/svg\" viewbox=\"0 0 1408 1792\"><path d=\"M1384 927l-1328 738q-23 13-39.5 3t-16.5-36v-1472q0-26 16.5-36t39.5 3l1328 738q23 13 23 31t-23 31z\"\/><\/svg>\t\t\t\t\t<div class=\"preloader-preview-area\" style=\"display:none;\">\n\t\t\t\t\t\t<div class=\"line-scale\">\n\t\t\t\t\t\t\t<div style=\"background-color: #c7c7c7\"><\/div>\n\t\t\t\t\t\t\t<div style=\"background-color: #c7c7c7\"><\/div>\n\t\t\t\t\t\t\t<div style=\"background-color: #c7c7c7\"><\/div>\n\t\t\t\t\t\t\t<div style=\"background-color: #c7c7c7\"><\/div>\n\t\t\t\t\t\t\t<div style=\"background-color: #c7c7c7\"><\/div>\n\t\t\t\t\t\t<\/div>\n\t\t\t\t\t <\/div>\n\t\t\t\t<\/div>\n\t\t\t<\/div>\n\t\t\t\t\t<\/div>\n\t<\/div>\n<\/div>\n<\/div><\/div><\/div><div class=\"wpb_column vc_column_container vc_col-sm-4\"><div class=\"vc_column-inner\"><div class=\"wpb_wrapper\">\n<h4 id=\"fancy-title-9\" class=\"mk-fancy-title  simple-style   color-single\">\n\t<span>\n\t\t\t\t<h4 style=\"text-align: center;\"><strong>Baigura Saloina<br \/>\n<\/strong><\/h4>\n\t\t\t<\/span>\n<\/h4>\n<div class=\"clearboth\"><\/div>\n\n\n\n<div class=\"wpb_video_widget\">\n\t<div class=\"wpb_wrapper\">\n\t\t\t\t<div id=\"video-container-10\" class=\"video-container\" data-id=\"10\" data-source=\"social_hosted\" data-autoplay=\"0\" data-loop=\"0\" data-target=\"lightbox\" itemprop=\"video\" itemtype=\"https:\/\/schema.org\/VideoObject\" >\n\t\t\t<div id=\"video-player-10\" class=\"video-player\">\n\t\t\t<iframe id=\"iframe-player-10\" data-id=\"10\" title=\"iholdy salon baigura\" width=\"1140\" height=\"641\" src=\"https:\/\/www.youtube.com\/embed\/WBfJx9LsIRc?feature=oembed\" frameborder=\"0\" allow=\"accelerometer; autoplay; clipboard-write; encrypted-media; gyroscope; picture-in-picture; web-share\" allowfullscreen><\/iframe>\t\t\t<\/div>\n\t\t\t\t\t\t<div id=\"video-thumbnail-10\" class=\"video-thumbnail fade-in\">\n\t\t\t\t<div class=\"video-thumbnail-overlay\">\n\t\t\t\t\t<svg  class=\"mk-svg-icon\" data-name=\"mk-icon-play\" data-cacheid=\"icon-69e38df464919\" style=\" fill: #ffffff;  height:32px; width: 25.142857142857px; \"  xmlns=\"http:\/\/www.w3.org\/2000\/svg\" viewbox=\"0 0 1408 1792\"><path d=\"M1384 927l-1328 738q-23 13-39.5 3t-16.5-36v-1472q0-26 16.5-36t39.5 3l1328 738q23 13 23 31t-23 31z\"\/><\/svg>\t\t\t\t\t<div class=\"preloader-preview-area\" style=\"display:none;\">\n\t\t\t\t\t\t<div class=\"line-scale\">\n\t\t\t\t\t\t\t<div style=\"background-color: #c7c7c7\"><\/div>\n\t\t\t\t\t\t\t<div style=\"background-color: #c7c7c7\"><\/div>\n\t\t\t\t\t\t\t<div style=\"background-color: #c7c7c7\"><\/div>\n\t\t\t\t\t\t\t<div style=\"background-color: #c7c7c7\"><\/div>\n\t\t\t\t\t\t\t<div style=\"background-color: #c7c7c7\"><\/div>\n\t\t\t\t\t\t<\/div>\n\t\t\t\t\t <\/div>\n\t\t\t\t<\/div>\n\t\t\t<\/div>\n\t\t\t\t\t<\/div>\n\t<\/div>\n<\/div>\n<\/div><\/div><\/div><div class=\"wpb_column vc_column_container vc_col-sm-2\"><div class=\"vc_column-inner\"><div class=\"wpb_wrapper\"><\/div><\/div><\/div>\t\t\n<\/div>\n\n<div id=\"padding-11\" class=\"mk-padding-divider   clearfix\"><\/div>\n\n\n\n<div class=\"wpb_row vc_inner vc_row vc_row-fluid    attched-false   vc_hidden-lg vc_hidden-xs vc_hidden-sm vc_hidden-md\">\n\t\t\n\t\t<div class=\"wpb_column vc_column_container vc_col-sm-2\"><div class=\"vc_column-inner\"><div class=\"wpb_wrapper\"><\/div><\/div><\/div><div class=\"wpb_column vc_column_container vc_col-sm-4\"><div class=\"vc_column-inner\"><div class=\"wpb_wrapper\">\n<h4 id=\"fancy-title-12\" class=\"mk-fancy-title  simple-style   color-single\">\n\t<span>\n\t\t\t\t<h4 style=\"text-align: center;\"><strong>Kutxa erakusketa<br \/>\n<\/strong><\/h4>\n\t\t\t<\/span>\n<\/h4>\n<div class=\"clearboth\"><\/div>\n\n\n\n<div class=\"wpb_video_widget\">\n\t<div class=\"wpb_wrapper\">\n\t\t\t\t<div id=\"video-container-13\" class=\"video-container\" data-id=\"13\" data-source=\"social_hosted\" data-autoplay=\"0\" data-loop=\"0\" data-target=\"lightbox\" itemprop=\"video\" itemtype=\"https:\/\/schema.org\/VideoObject\" >\n\t\t\t<div id=\"video-player-13\" class=\"video-player\">\n\t\t\t<iframe id=\"iframe-player-13\" data-id=\"13\" width=\"855\" height=\"641\" src=\"https:\/\/www.youtube.com\/embed\/kLIOyqaXMqQ?feature=oembed\" frameborder=\"0\" allow=\"autoplay; encrypted-media\" allowfullscreen><\/iframe>\t\t\t<\/div>\n\t\t\t\t\t\t<div id=\"video-thumbnail-13\" class=\"video-thumbnail fade-in\">\n\t\t\t\t<div class=\"video-thumbnail-overlay\">\n\t\t\t\t\t<svg  class=\"mk-svg-icon\" data-name=\"mk-icon-play\" data-cacheid=\"icon-69e38df46541c\" style=\" fill: #ffffff;  height:32px; width: 25.142857142857px; \"  xmlns=\"http:\/\/www.w3.org\/2000\/svg\" viewbox=\"0 0 1408 1792\"><path d=\"M1384 927l-1328 738q-23 13-39.5 3t-16.5-36v-1472q0-26 16.5-36t39.5 3l1328 738q23 13 23 31t-23 31z\"\/><\/svg>\t\t\t\t\t<div class=\"preloader-preview-area\" style=\"display:none;\">\n\t\t\t\t\t\t<div class=\"line-scale\">\n\t\t\t\t\t\t\t<div style=\"background-color: #c7c7c7\"><\/div>\n\t\t\t\t\t\t\t<div style=\"background-color: #c7c7c7\"><\/div>\n\t\t\t\t\t\t\t<div style=\"background-color: #c7c7c7\"><\/div>\n\t\t\t\t\t\t\t<div style=\"background-color: #c7c7c7\"><\/div>\n\t\t\t\t\t\t\t<div style=\"background-color: #c7c7c7\"><\/div>\n\t\t\t\t\t\t<\/div>\n\t\t\t\t\t <\/div>\n\t\t\t\t<\/div>\n\t\t\t<\/div>\n\t\t\t\t\t<\/div>\n\t<\/div>\n<\/div>\n<\/div><\/div><\/div><div class=\"wpb_column vc_column_container vc_col-sm-4\"><div class=\"vc_column-inner\"><div class=\"wpb_wrapper\">\n<h4 id=\"fancy-title-14\" class=\"mk-fancy-title  simple-style   color-single\">\n\t<span>\n\t\t\t\t<h4 style=\"text-align: center;\"><strong>Ohean presentatzea<br \/>\n<\/strong><\/h4>\n\t\t\t<\/span>\n<\/h4>\n<div class=\"clearboth\"><\/div>\n\n\n\n<div class=\"wpb_video_widget\">\n\t<div class=\"wpb_wrapper\">\n\t\t\t\t<div id=\"video-container-15\" class=\"video-container\" data-id=\"15\" data-source=\"social_hosted\" data-autoplay=\"0\" data-loop=\"0\" data-target=\"lightbox\" itemprop=\"video\" itemtype=\"https:\/\/schema.org\/VideoObject\" >\n\t\t\t<div id=\"video-player-15\" class=\"video-player\">\n\t\t\t<iframe id=\"iframe-player-15\" data-id=\"15\" width=\"855\" height=\"641\" src=\"https:\/\/www.youtube.com\/embed\/sPieIxNzBWg?feature=oembed\" frameborder=\"0\" allow=\"autoplay; encrypted-media\" allowfullscreen><\/iframe>\t\t\t<\/div>\n\t\t\t\t\t\t<div id=\"video-thumbnail-15\" class=\"video-thumbnail fade-in\">\n\t\t\t\t<div class=\"video-thumbnail-overlay\">\n\t\t\t\t\t<svg  class=\"mk-svg-icon\" data-name=\"mk-icon-play\" data-cacheid=\"icon-69e38df465b93\" style=\" fill: #ffffff;  height:32px; width: 25.142857142857px; \"  xmlns=\"http:\/\/www.w3.org\/2000\/svg\" viewbox=\"0 0 1408 1792\"><path d=\"M1384 927l-1328 738q-23 13-39.5 3t-16.5-36v-1472q0-26 16.5-36t39.5 3l1328 738q23 13 23 31t-23 31z\"\/><\/svg>\t\t\t\t\t<div class=\"preloader-preview-area\" style=\"display:none;\">\n\t\t\t\t\t\t<div class=\"line-scale\">\n\t\t\t\t\t\t\t<div style=\"background-color: #c7c7c7\"><\/div>\n\t\t\t\t\t\t\t<div style=\"background-color: #c7c7c7\"><\/div>\n\t\t\t\t\t\t\t<div style=\"background-color: #c7c7c7\"><\/div>\n\t\t\t\t\t\t\t<div style=\"background-color: #c7c7c7\"><\/div>\n\t\t\t\t\t\t\t<div style=\"background-color: #c7c7c7\"><\/div>\n\t\t\t\t\t\t<\/div>\n\t\t\t\t\t <\/div>\n\t\t\t\t<\/div>\n\t\t\t<\/div>\n\t\t\t\t\t<\/div>\n\t<\/div>\n<\/div>\n<\/div><\/div><\/div><div class=\"wpb_column vc_column_container vc_col-sm-2\"><div class=\"vc_column-inner\"><div class=\"wpb_wrapper\"><\/div><\/div><\/div>\t\t\n<\/div>\n\n<div id=\"padding-16\" class=\"mk-padding-divider   clearfix\"><\/div>\n\n<\/div>\n\t<\/div>\n\n<div class=\"mk-page-section-wrapper\" data-mk-full-width=\"true\" data-mk-full-width-init=\"true\" data-mk-stretch-content=\"true\">\n\t<div id=\"page-section-17\" class=\"mk-page-section self-hosted   full_layout full-width-17 js-el js-master-row     center-y\"    data-intro-effect=\"false\">\n\n\t\t\t\n\t\t\t<div class=\"mk-page-section-inner\">\n\t\t\t\t\n\n\n<div class=\"mk-video-color-mask\"><\/div>\n\n\t\t\t\t\n\t\t\t\t\n\t\t\t<div class=\"mk-section-preloader js-el\" data-mk-component=\"Preloader\">\n\t\t\t<div class=\"mk-section-preloader__icon\"><\/div>\n\t\t<\/div>\n\t\t\n\n\t<div class=\"background-layer-holder\">\n\t\t<div id=\"background-layer--17\" data-mk-lazyload=\"false\" class=\"background-layer mk-background-stretch none-blend-effect js-el\" data-mk-component=\"Parallax\" data-parallax-config='{\"speed\" : 0.3 }'  data-mk-img-set='{\"landscape\":{\"desktop\":\"https:\/\/obseques-paysbasque.com\/wp-content\/uploads\/2018\/10\/gros-plans-fleurs-sur-arbre-sombre.jpg\",\"tablet\":\"https:\/\/obseques-paysbasque.com\/wp-content\/uploads\/2018\/10\/gros-plans-fleurs-sur-arbre-sombre-1024x768.jpg\",\"mobile\":\"https:\/\/obseques-paysbasque.com\/wp-content\/uploads\/2018\/10\/gros-plans-fleurs-sur-arbre-sombre-736x414.jpg\"},\"responsive\":\"true\"}' >\n\t\t\t\t\t\t\t\t\t<div class=\"mk-color-layer\"><\/div>\n\t\t<\/div>\n\t<\/div>\n\n\t\t\t<\/div>\n\n\t\t\t\n        <div class=\"page-section-content vc_row-fluid mk-grid\" >\n            <div class=\"mk-padding-wrapper wpb_row\">\n<div class=\"vc_col-sm-12 wpb_column column_container   _ height-full\">\n\t\n<h2 id=\"fancy-title-19\" class=\"mk-fancy-title  simple-style   color-single\">\n\t<span>\n\t\t\t\t<h2 style=\"text-align: center;\"><strong><em>Abegi, Akonpainamendua, Entzumena, Laguntza: hau da nire BOKAZIOA!<\/em><\/strong><\/h2>\n\t\t\t<\/span>\n<\/h2>\n<div class=\"clearboth\"><\/div>\n\n\n\n\n<h3 id=\"fancy-title-20\" class=\"mk-fancy-title  simple-style   color-single\">\n\t<span>\n\t\t\t\t<h3 style=\"text-align: center; color: #fff !important;\">Etxean edo Hil beila lekuan<\/h3>\n<h3 style=\"text-align: center; color: #fff !important;\">Zure zerbitzura<\/h3>\n<h3 style=\"text-align: center; color: #fff !important;\">Hitzordua zuen gustura finkatzeko Maite deitu 05.59.37.40.00 zenbakira<\/h3>\n\t\t\t<\/span>\n<\/h3>\n<div class=\"clearboth\"><\/div>\n\n\n\n<\/div>\n<\/div>\n            <div class=\"clearboth\"><\/div>\n        <\/div>\n\n\n\t\t\t\n\t\t\t\n\t\t\t\n\t\t<div class=\"clearboth\"><\/div>\n\t<\/div>\n<\/div>\n<div class=\"vc_row-full-width vc_clearfix\"><\/div>","protected":false},"excerpt":{"rendered":"Quelques vid\u00e9os de notre fun\u00e9rarium Vue ext\u00e9rieure Salon Hoxa Salon Baigura Exposition cercueil Exposition lit Accueil, Accompagnement, \u00c9coute, Soutien : telle est ma VOCATION ! \u00c0 domicile ou au fun\u00e9rarium \u00c0 votre service RDV \u00e0 votre convenance fix\u00e9 en appelant au 05.59.37.50.00","protected":false},"author":1,"featured_media":0,"parent":500,"menu_order":0,"comment_status":"closed","ping_status":"closed","template":"","meta":[],"_links":{"self":[{"href":"https:\/\/obseques-paysbasque.com\/eus\/wp-json\/wp\/v2\/pages\/532"}],"collection":[{"href":"https:\/\/obseques-paysbasque.com\/eus\/wp-json\/wp\/v2\/pages"}],"about":[{"href":"https:\/\/obseques-paysbasque.com\/eus\/wp-json\/wp\/v2\/types\/page"}],"author":[{"embeddable":true,"href":"https:\/\/obseques-paysbasque.com\/eus\/wp-json\/wp\/v2\/users\/1"}],"replies":[{"embeddable":true,"href":"https:\/\/obseques-paysbasque.com\/eus\/wp-json\/wp\/v2\/comments?post=532"}],"version-history":[{"count":0,"href":"https:\/\/obseques-paysbasque.com\/eus\/wp-json\/wp\/v2\/pages\/532\/revisions"}],"up":[{"embeddable":true,"href":"https:\/\/obseques-paysbasque.com\/eus\/wp-json\/wp\/v2\/pages\/500"}],"wp:attachment":[{"href":"https:\/\/obseques-paysbasque.com\/eus\/wp-json\/wp\/v2\/media?parent=532"}],"curies":[{"name":"wp","href":"https:\/\/api.w.org\/{rel}","templated":true}]}}